{"id":281,"date":"2020-04-29T18:57:19","date_gmt":"2020-04-29T18:57:19","guid":{"rendered":"https:\/\/daedalusholding.eu\/?page_id=281"},"modified":"2020-05-01T12:20:29","modified_gmt":"2020-05-01T12:20:29","slug":"a-propos-de-nous","status":"publish","type":"page","link":"https:\/\/daedalusholding.eu\/fr\/a-propos-de-nous\/","title":{"rendered":"\u00c0 propos de nous"},"content":{"rendered":"<p><div class=\"fusion-fullwidth fullwidth-box fusion-builder-row-1 nonhundred-percent-fullwidth non-hundred-percent-height-scrolling\" style=\"--awb-border-radius-top-left:0px;--awb-border-radius-top-right:0px;--awb-border-radius-bottom-right:0px;--awb-border-radius-bottom-left:0px;--awb-flex-wrap:wrap;\" ><div class=\"fusion-builder-row fusion-row\"><div class=\"fusion-layout-column fusion_builder_column fusion-builder-column-0 fusion_builder_column_1_1 1_1 fusion-one-full fusion-column-first fusion-column-last\" style=\"--awb-bg-size:cover;\"><div class=\"fusion-column-wrapper fusion-column-has-shadow fusion-flex-column-wrapper-legacy\"><div class=\"fusion-title title fusion-title-1 fusion-sep-none fusion-title-text fusion-title-size-one\" style=\"--awb-margin-top-small:10px;--awb-margin-right-small:0px;--awb-margin-bottom-small:10px;--awb-margin-left-small:0px;\"><h1 class=\"fusion-title-heading title-heading-left\" style=\"margin:0;\">\u00c0 propos de nous<\/h1><\/div><div class=\"fusion-text fusion-text-1\"><p>Daedalus Holding est une <strong>entreprise belge<\/strong> situ\u00e9e \u00e0 Eeklo.<br \/>\nLa soci\u00e9t\u00e9 a \u00e9t\u00e9 \u00e9tablie le 01 mai 2007 par Chris Vanhauwenhuyse, qui op\u00e8re dans le secteur m\u00e9dical depuis 1992.<\/p>\n<p>L&rsquo;activit\u00e9 principale de Daedalus Holding est la fabrication d\u2019<strong>\u00e9quipements de protection individuelle<\/strong> (EPI) contre les rayonnements ionisants. Nous nous concentrons sur l\u2019am\u00e9lioration constante et la personnalisation de mat\u00e9riel de radioprotection, pour satisfaire aux demandes de chaque utilisateur, toujours dans le cadre de la l\u00e9gislation en vigueur et en visant la durabilit\u00e9 et la circularit\u00e9.<\/p>\n<\/div><div class=\"fusion-clearfix\"><\/div><\/div><\/div><\/div><\/div><div class=\"fusion-fullwidth fullwidth-box fusion-builder-row-2 fusion-parallax-fixed nonhundred-percent-fullwidth non-hundred-percent-height-scrolling fusion-no-small-visibility fusion-no-medium-visibility\" style=\"--awb-border-radius-top-left:0px;--awb-border-radius-top-right:0px;--awb-border-radius-bottom-right:0px;--awb-border-radius-bottom-left:0px;--awb-padding-top:150px;--awb-padding-bottom:150px;--awb-background-image:url(&quot;https:\/\/daedalusholding.eu\/wp-content\/uploads\/2020\/04\/4DCBA23F-00A5-46E7-87B3-9ECF618E7ADA_1_105_c.jpeg&quot;);--awb-background-size:cover;--awb-flex-wrap:wrap;background-attachment:fixed;\" ><div class=\"fusion-builder-row fusion-row\"><div class=\"fusion-layout-column fusion_builder_column fusion-builder-column-1 fusion_builder_column_1_1 1_1 fusion-one-full fusion-column-first fusion-column-last\" style=\"--awb-bg-size:cover;\"><div class=\"fusion-column-wrapper fusion-column-has-shadow fusion-flex-column-wrapper-legacy\"><div class=\"fusion-clearfix\"><\/div><\/div><\/div><\/div><\/div><div class=\"fusion-bg-parallax\" data-bg-align=\"center center\" data-direction=\"up\" data-mute=\"false\" data-opacity=\"100\" data-velocity=\"-0.3\" data-mobile-enabled=\"true\" data-break_parents=\"0\" data-bg-image=\"https:\/\/daedalusholding.eu\/wp-content\/uploads\/2020\/04\/4DCBA23F-00A5-46E7-87B3-9ECF618E7ADA_1_105_c.jpeg\" data-bg-repeat=\"false\" ><\/div><div class=\"fusion-fullwidth fullwidth-box fusion-builder-row-3 fusion-parallax-up nonhundred-percent-fullwidth non-hundred-percent-height-scrolling fusion-no-large-visibility\" style=\"--awb-border-radius-top-left:0px;--awb-border-radius-top-right:0px;--awb-border-radius-bottom-right:0px;--awb-border-radius-bottom-left:0px;--awb-padding-top:150px;--awb-padding-bottom:150px;--awb-background-image:url(&quot;https:\/\/daedalusholding.eu\/wp-content\/uploads\/2020\/04\/4DCBA23F-00A5-46E7-87B3-9ECF618E7ADA_1_105_c.jpeg&quot;);--awb-background-size:cover;--awb-flex-wrap:wrap;\" ><div class=\"fusion-builder-row fusion-row\"><div class=\"fusion-layout-column fusion_builder_column fusion-builder-column-2 fusion_builder_column_1_1 1_1 fusion-one-full fusion-column-first fusion-column-last\" style=\"--awb-bg-size:cover;\"><div class=\"fusion-column-wrapper fusion-column-has-shadow fusion-flex-column-wrapper-legacy\"><div class=\"fusion-clearfix\"><\/div><\/div><\/div><\/div><\/div><div class=\"fusion-fullwidth fullwidth-box fusion-builder-row-4 nonhundred-percent-fullwidth non-hundred-percent-height-scrolling\" style=\"--awb-border-radius-top-left:0px;--awb-border-radius-top-right:0px;--awb-border-radius-bottom-right:0px;--awb-border-radius-bottom-left:0px;--awb-margin-top:25px;--awb-flex-wrap:wrap;\" ><div class=\"fusion-builder-row fusion-row\"><div class=\"fusion-layout-column fusion_builder_column fusion-builder-column-3 fusion_builder_column_1_1 1_1 fusion-one-full fusion-column-first fusion-column-last\" style=\"--awb-bg-size:cover;\"><div class=\"fusion-column-wrapper fusion-column-has-shadow fusion-flex-column-wrapper-legacy\"><div class=\"fusion-title title fusion-title-2 fusion-sep-none fusion-title-text fusion-title-size-one\" style=\"--awb-margin-top-small:10px;--awb-margin-right-small:0px;--awb-margin-bottom-small:10px;--awb-margin-left-small:0px;\"><h1 class=\"fusion-title-heading title-heading-left\" style=\"margin:0;\">Notre fa\u00e7on de travailler<\/h1><\/div><div class=\"fusion-text fusion-text-2\"><p>Nous recherchons sans rel\u00e2che des fa\u00e7ons d\u2019<strong>innover le march\u00e9 de radioprotection<\/strong>. Pour \u00e7a, nous sommes en constante concertation avec nos utilisateurs finaux pour adapter nos produits \u00e0 la r\u00e9alit\u00e9 quotidienne. Nos exigences de qualit\u00e9 \u00e9lev\u00e9es sont primordiales: les produits sont soumises \u00e0 des contr\u00f4les approfondis annuels par des organismes agr\u00e9\u00e9s.<\/p>\n<p>Notre production belge est compl\u00e9t\u00e9e par notre propre <strong>service apr\u00e8s-vente <\/strong>qui est charg\u00e9 de r\u00e9parations, modifications, personnalisations et identifications de mat\u00e9riel de radioprotection.<\/p>\n<p>Les\u00a0<strong>applications de radioprotection sans plomb<\/strong>\u00a0sont disponibles sur le march\u00e9 sous le nom\u00a0<a href=\"https:\/\/daedalusholding.eu\/fr\/infinity\/\"><strong>Infinity<\/strong><\/a>.<\/p>\n<p>Daedalus Holding aspire \u00e0 un <strong>contact direct entre le producteur et l\u2019utilisateur final<\/strong>.<\/p>\n<\/div><div class=\"fusion-clearfix\"><\/div><\/div><\/div><\/div><\/div><\/p>\n","protected":false},"excerpt":{"rendered":"","protected":false},"author":1,"featured_media":0,"parent":0,"menu_order":0,"comment_status":"closed","ping_status":"closed","template":"100-width.php","meta":{"footnotes":""},"class_list":["post-281","page","type-page","status-publish","hentry"],"yoast_head":"<!-- This site is optimized with the Yoast SEO plugin v27.5 - https:\/\/yoast.com\/product\/yoast-seo-wordpress\/ -->\n<title>\u00c0 propos de nous - Daedalus-Holding<\/title>\n<meta name=\"robots\" content=\"index, follow, max-snippet:-1, max-image-preview:large, max-video-preview:-1\" \/>\n<link rel=\"canonical\" href=\"https:\/\/daedalusholding.eu\/fr\/a-propos-de-nous\/\" \/>\n<meta property=\"og:locale\" content=\"fr_FR\" \/>\n<meta property=\"og:type\" content=\"article\" \/>\n<meta property=\"og:title\" content=\"\u00c0 propos de nous - Daedalus-Holding\" \/>\n<meta property=\"og:url\" content=\"https:\/\/daedalusholding.eu\/fr\/a-propos-de-nous\/\" \/>\n<meta property=\"og:site_name\" content=\"Daedalus-Holding\" \/>\n<meta property=\"article:modified_time\" content=\"2020-05-01T12:20:29+00:00\" \/>\n<meta name=\"twitter:card\" content=\"summary_large_image\" \/>\n<meta name=\"twitter:label1\" content=\"Dur\u00e9e de lecture estim\u00e9e\" \/>\n\t<meta name=\"twitter:data1\" content=\"9 minutes\" \/>\n<script type=\"application\/ld+json\" class=\"yoast-schema-graph\">{\"@context\":\"https:\\\/\\\/schema.org\",\"@graph\":[{\"@type\":\"WebPage\",\"@id\":\"https:\\\/\\\/daedalusholding.eu\\\/fr\\\/a-propos-de-nous\\\/\",\"url\":\"https:\\\/\\\/daedalusholding.eu\\\/fr\\\/a-propos-de-nous\\\/\",\"name\":\"\u00c0 propos de nous - Daedalus-Holding\",\"isPartOf\":{\"@id\":\"https:\\\/\\\/daedalusholding.eu\\\/#website\"},\"datePublished\":\"2020-04-29T18:57:19+00:00\",\"dateModified\":\"2020-05-01T12:20:29+00:00\",\"breadcrumb\":{\"@id\":\"https:\\\/\\\/daedalusholding.eu\\\/fr\\\/a-propos-de-nous\\\/#breadcrumb\"},\"inLanguage\":\"fr-FR\",\"potentialAction\":[{\"@type\":\"ReadAction\",\"target\":[\"https:\\\/\\\/daedalusholding.eu\\\/fr\\\/a-propos-de-nous\\\/\"]}]},{\"@type\":\"BreadcrumbList\",\"@id\":\"https:\\\/\\\/daedalusholding.eu\\\/fr\\\/a-propos-de-nous\\\/#breadcrumb\",\"itemListElement\":[{\"@type\":\"ListItem\",\"position\":1,\"name\":\"Home\",\"item\":\"https:\\\/\\\/daedalusholding.eu\\\/fr\\\/\"},{\"@type\":\"ListItem\",\"position\":2,\"name\":\"\u00c0 propos de nous\"}]},{\"@type\":\"WebSite\",\"@id\":\"https:\\\/\\\/daedalusholding.eu\\\/#website\",\"url\":\"https:\\\/\\\/daedalusholding.eu\\\/\",\"name\":\"Daedalus-Holding\",\"description\":\"\",\"publisher\":{\"@id\":\"https:\\\/\\\/daedalusholding.eu\\\/#organization\"},\"potentialAction\":[{\"@type\":\"SearchAction\",\"target\":{\"@type\":\"EntryPoint\",\"urlTemplate\":\"https:\\\/\\\/daedalusholding.eu\\\/?s={search_term_string}\"},\"query-input\":{\"@type\":\"PropertyValueSpecification\",\"valueRequired\":true,\"valueName\":\"search_term_string\"}}],\"inLanguage\":\"fr-FR\"},{\"@type\":\"Organization\",\"@id\":\"https:\\\/\\\/daedalusholding.eu\\\/#organization\",\"name\":\"Daedalus Holding\",\"url\":\"https:\\\/\\\/daedalusholding.eu\\\/\",\"logo\":{\"@type\":\"ImageObject\",\"inLanguage\":\"fr-FR\",\"@id\":\"https:\\\/\\\/daedalusholding.eu\\\/#\\\/schema\\\/logo\\\/image\\\/\",\"url\":\"https:\\\/\\\/daedalusholding.eu\\\/wp-content\\\/uploads\\\/2020\\\/04\\\/Daedalus-Holding-RX-jassen-Logo.png\",\"contentUrl\":\"https:\\\/\\\/daedalusholding.eu\\\/wp-content\\\/uploads\\\/2020\\\/04\\\/Daedalus-Holding-RX-jassen-Logo.png\",\"width\":324,\"height\":130,\"caption\":\"Daedalus Holding\"},\"image\":{\"@id\":\"https:\\\/\\\/daedalusholding.eu\\\/#\\\/schema\\\/logo\\\/image\\\/\"},\"sameAs\":[\"https:\\\/\\\/www.linkedin.com\\\/company\\\/daedalus-holding-bvba\\\/\"]}]}<\/script>\n<!-- \/ Yoast SEO plugin. -->","yoast_head_json":{"title":"\u00c0 propos de nous - Daedalus-Holding","robots":{"index":"index","follow":"follow","max-snippet":"max-snippet:-1","max-image-preview":"max-image-preview:large","max-video-preview":"max-video-preview:-1"},"canonical":"https:\/\/daedalusholding.eu\/fr\/a-propos-de-nous\/","og_locale":"fr_FR","og_type":"article","og_title":"\u00c0 propos de nous - Daedalus-Holding","og_url":"https:\/\/daedalusholding.eu\/fr\/a-propos-de-nous\/","og_site_name":"Daedalus-Holding","article_modified_time":"2020-05-01T12:20:29+00:00","twitter_card":"summary_large_image","twitter_misc":{"Dur\u00e9e de lecture estim\u00e9e":"9 minutes"},"schema":{"@context":"https:\/\/schema.org","@graph":[{"@type":"WebPage","@id":"https:\/\/daedalusholding.eu\/fr\/a-propos-de-nous\/","url":"https:\/\/daedalusholding.eu\/fr\/a-propos-de-nous\/","name":"\u00c0 propos de nous - Daedalus-Holding","isPartOf":{"@id":"https:\/\/daedalusholding.eu\/#website"},"datePublished":"2020-04-29T18:57:19+00:00","dateModified":"2020-05-01T12:20:29+00:00","breadcrumb":{"@id":"https:\/\/daedalusholding.eu\/fr\/a-propos-de-nous\/#breadcrumb"},"inLanguage":"fr-FR","potentialAction":[{"@type":"ReadAction","target":["https:\/\/daedalusholding.eu\/fr\/a-propos-de-nous\/"]}]},{"@type":"BreadcrumbList","@id":"https:\/\/daedalusholding.eu\/fr\/a-propos-de-nous\/#breadcrumb","itemListElement":[{"@type":"ListItem","position":1,"name":"Home","item":"https:\/\/daedalusholding.eu\/fr\/"},{"@type":"ListItem","position":2,"name":"\u00c0 propos de nous"}]},{"@type":"WebSite","@id":"https:\/\/daedalusholding.eu\/#website","url":"https:\/\/daedalusholding.eu\/","name":"Daedalus-Holding","description":"","publisher":{"@id":"https:\/\/daedalusholding.eu\/#organization"},"potentialAction":[{"@type":"SearchAction","target":{"@type":"EntryPoint","urlTemplate":"https:\/\/daedalusholding.eu\/?s={search_term_string}"},"query-input":{"@type":"PropertyValueSpecification","valueRequired":true,"valueName":"search_term_string"}}],"inLanguage":"fr-FR"},{"@type":"Organization","@id":"https:\/\/daedalusholding.eu\/#organization","name":"Daedalus Holding","url":"https:\/\/daedalusholding.eu\/","logo":{"@type":"ImageObject","inLanguage":"fr-FR","@id":"https:\/\/daedalusholding.eu\/#\/schema\/logo\/image\/","url":"https:\/\/daedalusholding.eu\/wp-content\/uploads\/2020\/04\/Daedalus-Holding-RX-jassen-Logo.png","contentUrl":"https:\/\/daedalusholding.eu\/wp-content\/uploads\/2020\/04\/Daedalus-Holding-RX-jassen-Logo.png","width":324,"height":130,"caption":"Daedalus Holding"},"image":{"@id":"https:\/\/daedalusholding.eu\/#\/schema\/logo\/image\/"},"sameAs":["https:\/\/www.linkedin.com\/company\/daedalus-holding-bvba\/"]}]}},"_links":{"self":[{"href":"https:\/\/daedalusholding.eu\/fr\/wp-json\/wp\/v2\/pages\/281","targetHints":{"allow":["GET"]}}],"collection":[{"href":"https:\/\/daedalusholding.eu\/fr\/wp-json\/wp\/v2\/pages"}],"about":[{"href":"https:\/\/daedalusholding.eu\/fr\/wp-json\/wp\/v2\/types\/page"}],"author":[{"embeddable":true,"href":"https:\/\/daedalusholding.eu\/fr\/wp-json\/wp\/v2\/users\/1"}],"replies":[{"embeddable":true,"href":"https:\/\/daedalusholding.eu\/fr\/wp-json\/wp\/v2\/comments?post=281"}],"version-history":[{"count":5,"href":"https:\/\/daedalusholding.eu\/fr\/wp-json\/wp\/v2\/pages\/281\/revisions"}],"predecessor-version":[{"id":369,"href":"https:\/\/daedalusholding.eu\/fr\/wp-json\/wp\/v2\/pages\/281\/revisions\/369"}],"wp:attachment":[{"href":"https:\/\/daedalusholding.eu\/fr\/wp-json\/wp\/v2\/media?parent=281"}],"curies":[{"name":"wp","href":"https:\/\/api.w.org\/{rel}","templated":true}]}}