{"id":258,"date":"2020-04-29T17:52:42","date_gmt":"2020-04-29T17:52:42","guid":{"rendered":"https:\/\/daedalusholding.eu\/?page_id=258"},"modified":"2020-04-29T19:17:38","modified_gmt":"2020-04-29T19:17:38","slug":"ar-services","status":"publish","type":"page","link":"https:\/\/daedalusholding.eu\/fr\/ar-services\/","title":{"rendered":"AR Services"},"content":{"rendered":"<div class=\"fusion-fullwidth fullwidth-box fusion-builder-row-1 nonhundred-percent-fullwidth non-hundred-percent-height-scrolling\" style=\"--awb-border-radius-top-left:0px;--awb-border-radius-top-right:0px;--awb-border-radius-bottom-right:0px;--awb-border-radius-bottom-left:0px;--awb-flex-wrap:wrap;\" ><div class=\"fusion-builder-row fusion-row\"><div class=\"fusion-layout-column fusion_builder_column fusion-builder-column-0 fusion_builder_column_1_1 1_1 fusion-one-full fusion-column-first fusion-column-last\" style=\"--awb-bg-size:cover;\"><div class=\"fusion-column-wrapper fusion-column-has-shadow fusion-flex-column-wrapper-legacy\"><div class=\"fusion-title title fusion-title-1 fusion-sep-none fusion-title-text fusion-title-size-one\" style=\"--awb-margin-top-small:10px;--awb-margin-right-small:0px;--awb-margin-bottom-small:10px;--awb-margin-left-small:0px;\"><h1 class=\"fusion-title-heading title-heading-left\" style=\"margin:0;\">AR Services<\/h1><\/div><div class=\"fusion-text fusion-text-1\"><p>Avec <strong>AR Services<\/strong>, Daedalus Holding offre une <strong>solution de location compl\u00e8te<\/strong> pour des utilisateurs professionnels. C\u2019est une alternative \u00e0 acheter votre mat\u00e9riel de radioprotection vous-m\u00eame et cela offre de nombreux avantages.<\/p>\n<ul class=\"checked\">\n<li>Pas d\u2019investissements\/achats substantiels<\/li>\n<li>Pas de contr\u00f4les p\u00e9riodiques<\/li>\n<li>Pas de r\u00e9parations<\/li>\n<li>Formules flexibles de location en fonction de vos besoins<\/li>\n<li>Tarifs de location fixes par article<\/li>\n<li>Mat\u00e9riel toujours conforme, en parfait \u00e9tat et parfaitement nettoy\u00e9<\/li>\n<\/ul>\n<p>Vous ne devriez g\u00e9rer qu\u2019<strong>un seul contrat<\/strong>, et vous ne devriez pas explorer le march\u00e9 pour faciliter tous les diff\u00e9rents aspects de l\u2019utilisation chez diverses soci\u00e9t\u00e9s.<\/p>\n<\/div><div class=\"fusion-clearfix\"><\/div><\/div><\/div><\/div><\/div>\n","protected":false},"excerpt":{"rendered":"","protected":false},"author":1,"featured_media":0,"parent":0,"menu_order":0,"comment_status":"closed","ping_status":"closed","template":"","meta":{"footnotes":""},"class_list":["post-258","page","type-page","status-publish","hentry"],"yoast_head":"<!-- This site is optimized with the Yoast SEO plugin v27.5 - https:\/\/yoast.com\/product\/yoast-seo-wordpress\/ -->\n<title>AR Services - Daedalus-Holding<\/title>\n<meta name=\"robots\" content=\"index, follow, max-snippet:-1, max-image-preview:large, max-video-preview:-1\" \/>\n<link rel=\"canonical\" href=\"https:\/\/daedalusholding.eu\/fr\/ar-services\/\" \/>\n<meta property=\"og:locale\" content=\"fr_FR\" \/>\n<meta property=\"og:type\" content=\"article\" \/>\n<meta property=\"og:title\" content=\"AR Services - Daedalus-Holding\" \/>\n<meta property=\"og:url\" content=\"https:\/\/daedalusholding.eu\/fr\/ar-services\/\" \/>\n<meta property=\"og:site_name\" content=\"Daedalus-Holding\" \/>\n<meta property=\"article:modified_time\" content=\"2020-04-29T19:17:38+00:00\" \/>\n<meta name=\"twitter:card\" content=\"summary_large_image\" \/>\n<meta name=\"twitter:label1\" content=\"Dur\u00e9e de lecture estim\u00e9e\" \/>\n\t<meta name=\"twitter:data1\" content=\"3 minutes\" \/>\n<script type=\"application\/ld+json\" class=\"yoast-schema-graph\">{\"@context\":\"https:\\\/\\\/schema.org\",\"@graph\":[{\"@type\":\"WebPage\",\"@id\":\"https:\\\/\\\/daedalusholding.eu\\\/fr\\\/ar-services\\\/\",\"url\":\"https:\\\/\\\/daedalusholding.eu\\\/fr\\\/ar-services\\\/\",\"name\":\"AR Services - Daedalus-Holding\",\"isPartOf\":{\"@id\":\"https:\\\/\\\/daedalusholding.eu\\\/#website\"},\"datePublished\":\"2020-04-29T17:52:42+00:00\",\"dateModified\":\"2020-04-29T19:17:38+00:00\",\"breadcrumb\":{\"@id\":\"https:\\\/\\\/daedalusholding.eu\\\/fr\\\/ar-services\\\/#breadcrumb\"},\"inLanguage\":\"fr-FR\",\"potentialAction\":[{\"@type\":\"ReadAction\",\"target\":[\"https:\\\/\\\/daedalusholding.eu\\\/fr\\\/ar-services\\\/\"]}]},{\"@type\":\"BreadcrumbList\",\"@id\":\"https:\\\/\\\/daedalusholding.eu\\\/fr\\\/ar-services\\\/#breadcrumb\",\"itemListElement\":[{\"@type\":\"ListItem\",\"position\":1,\"name\":\"Home\",\"item\":\"https:\\\/\\\/daedalusholding.eu\\\/fr\\\/\"},{\"@type\":\"ListItem\",\"position\":2,\"name\":\"AR Services\"}]},{\"@type\":\"WebSite\",\"@id\":\"https:\\\/\\\/daedalusholding.eu\\\/#website\",\"url\":\"https:\\\/\\\/daedalusholding.eu\\\/\",\"name\":\"Daedalus-Holding\",\"description\":\"\",\"publisher\":{\"@id\":\"https:\\\/\\\/daedalusholding.eu\\\/#organization\"},\"potentialAction\":[{\"@type\":\"SearchAction\",\"target\":{\"@type\":\"EntryPoint\",\"urlTemplate\":\"https:\\\/\\\/daedalusholding.eu\\\/?s={search_term_string}\"},\"query-input\":{\"@type\":\"PropertyValueSpecification\",\"valueRequired\":true,\"valueName\":\"search_term_string\"}}],\"inLanguage\":\"fr-FR\"},{\"@type\":\"Organization\",\"@id\":\"https:\\\/\\\/daedalusholding.eu\\\/#organization\",\"name\":\"Daedalus Holding\",\"url\":\"https:\\\/\\\/daedalusholding.eu\\\/\",\"logo\":{\"@type\":\"ImageObject\",\"inLanguage\":\"fr-FR\",\"@id\":\"https:\\\/\\\/daedalusholding.eu\\\/#\\\/schema\\\/logo\\\/image\\\/\",\"url\":\"https:\\\/\\\/daedalusholding.eu\\\/wp-content\\\/uploads\\\/2020\\\/04\\\/Daedalus-Holding-RX-jassen-Logo.png\",\"contentUrl\":\"https:\\\/\\\/daedalusholding.eu\\\/wp-content\\\/uploads\\\/2020\\\/04\\\/Daedalus-Holding-RX-jassen-Logo.png\",\"width\":324,\"height\":130,\"caption\":\"Daedalus Holding\"},\"image\":{\"@id\":\"https:\\\/\\\/daedalusholding.eu\\\/#\\\/schema\\\/logo\\\/image\\\/\"},\"sameAs\":[\"https:\\\/\\\/www.linkedin.com\\\/company\\\/daedalus-holding-bvba\\\/\"]}]}<\/script>\n<!-- \/ Yoast SEO plugin. -->","yoast_head_json":{"title":"AR Services - Daedalus-Holding","robots":{"index":"index","follow":"follow","max-snippet":"max-snippet:-1","max-image-preview":"max-image-preview:large","max-video-preview":"max-video-preview:-1"},"canonical":"https:\/\/daedalusholding.eu\/fr\/ar-services\/","og_locale":"fr_FR","og_type":"article","og_title":"AR Services - Daedalus-Holding","og_url":"https:\/\/daedalusholding.eu\/fr\/ar-services\/","og_site_name":"Daedalus-Holding","article_modified_time":"2020-04-29T19:17:38+00:00","twitter_card":"summary_large_image","twitter_misc":{"Dur\u00e9e de lecture estim\u00e9e":"3 minutes"},"schema":{"@context":"https:\/\/schema.org","@graph":[{"@type":"WebPage","@id":"https:\/\/daedalusholding.eu\/fr\/ar-services\/","url":"https:\/\/daedalusholding.eu\/fr\/ar-services\/","name":"AR Services - Daedalus-Holding","isPartOf":{"@id":"https:\/\/daedalusholding.eu\/#website"},"datePublished":"2020-04-29T17:52:42+00:00","dateModified":"2020-04-29T19:17:38+00:00","breadcrumb":{"@id":"https:\/\/daedalusholding.eu\/fr\/ar-services\/#breadcrumb"},"inLanguage":"fr-FR","potentialAction":[{"@type":"ReadAction","target":["https:\/\/daedalusholding.eu\/fr\/ar-services\/"]}]},{"@type":"BreadcrumbList","@id":"https:\/\/daedalusholding.eu\/fr\/ar-services\/#breadcrumb","itemListElement":[{"@type":"ListItem","position":1,"name":"Home","item":"https:\/\/daedalusholding.eu\/fr\/"},{"@type":"ListItem","position":2,"name":"AR Services"}]},{"@type":"WebSite","@id":"https:\/\/daedalusholding.eu\/#website","url":"https:\/\/daedalusholding.eu\/","name":"Daedalus-Holding","description":"","publisher":{"@id":"https:\/\/daedalusholding.eu\/#organization"},"potentialAction":[{"@type":"SearchAction","target":{"@type":"EntryPoint","urlTemplate":"https:\/\/daedalusholding.eu\/?s={search_term_string}"},"query-input":{"@type":"PropertyValueSpecification","valueRequired":true,"valueName":"search_term_string"}}],"inLanguage":"fr-FR"},{"@type":"Organization","@id":"https:\/\/daedalusholding.eu\/#organization","name":"Daedalus Holding","url":"https:\/\/daedalusholding.eu\/","logo":{"@type":"ImageObject","inLanguage":"fr-FR","@id":"https:\/\/daedalusholding.eu\/#\/schema\/logo\/image\/","url":"https:\/\/daedalusholding.eu\/wp-content\/uploads\/2020\/04\/Daedalus-Holding-RX-jassen-Logo.png","contentUrl":"https:\/\/daedalusholding.eu\/wp-content\/uploads\/2020\/04\/Daedalus-Holding-RX-jassen-Logo.png","width":324,"height":130,"caption":"Daedalus Holding"},"image":{"@id":"https:\/\/daedalusholding.eu\/#\/schema\/logo\/image\/"},"sameAs":["https:\/\/www.linkedin.com\/company\/daedalus-holding-bvba\/"]}]}},"_links":{"self":[{"href":"https:\/\/daedalusholding.eu\/fr\/wp-json\/wp\/v2\/pages\/258","targetHints":{"allow":["GET"]}}],"collection":[{"href":"https:\/\/daedalusholding.eu\/fr\/wp-json\/wp\/v2\/pages"}],"about":[{"href":"https:\/\/daedalusholding.eu\/fr\/wp-json\/wp\/v2\/types\/page"}],"author":[{"embeddable":true,"href":"https:\/\/daedalusholding.eu\/fr\/wp-json\/wp\/v2\/users\/1"}],"replies":[{"embeddable":true,"href":"https:\/\/daedalusholding.eu\/fr\/wp-json\/wp\/v2\/comments?post=258"}],"version-history":[{"count":2,"href":"https:\/\/daedalusholding.eu\/fr\/wp-json\/wp\/v2\/pages\/258\/revisions"}],"predecessor-version":[{"id":260,"href":"https:\/\/daedalusholding.eu\/fr\/wp-json\/wp\/v2\/pages\/258\/revisions\/260"}],"wp:attachment":[{"href":"https:\/\/daedalusholding.eu\/fr\/wp-json\/wp\/v2\/media?parent=258"}],"curies":[{"name":"wp","href":"https:\/\/api.w.org\/{rel}","templated":true}]}}